{"id":495,"date":"2026-03-03T19:01:33","date_gmt":"2026-03-03T19:01:33","guid":{"rendered":"https:\/\/adamhajossydedic.com\/?page_id=495"},"modified":"2026-03-03T19:04:38","modified_gmt":"2026-03-03T19:04:38","slug":"concert-compositions","status":"publish","type":"page","link":"https:\/\/adamhajossydedic.com\/?page_id=495","title":{"rendered":"Concert Compositions"},"content":{"rendered":"<div id=\"pl-495\"  class=\"panel-layout\" ><div id=\"pg-495-0\"  class=\"panel-grid panel-has-style\" ><div class=\"so-rounded panel-row-style panel-row-style-for-495-0\" ><div id=\"pgc-495-0-0\"  class=\"panel-grid-cell\" ><div id=\"panel-495-0-0-0\" class=\"so-panel widget widget_sow-editor panel-first-child panel-last-child\" data-index=\"0\" ><div\n\t\t\t\n\t\t\tclass=\"so-widget-sow-editor so-widget-sow-editor-base\"\n\t\t\t\n\t\t>\n<div class=\"siteorigin-widget-tinymce textwidget\">\n\t<h5>Orchestral Music<\/h5>\n<ul class=\"composition-list\">\n<li><span class=\"arrow\">\u25b8<\/span> <span class=\"title\">Piano Concerto for solo Piano and Chamber Orchestra<\/span>\n<div class=\"sub-info\">Year: November 2025 | 1 movement | Duration: 18'30 min. | Instrumentation: \u00a02222 \/ 22 \/ 11 \/ Piano \/ Strings (12\/10\/8\/6\/4)<\/div>\n<\/li>\n<li><span class=\"arrow\">\u25b8<\/span> <span class=\"title\">Kr\u00e1\u013e \u010casu (Time King) for Symphonic Orchestra<\/span>\n<div class=\"sub-info\">Year: August 2024 | Duration: 19'40 min. | Instrumentation: 3333 \/ 4331 \/ 12 + Bassdesmophone \/ Harp + Celesta \/ Strings (16\/14\/12\/10\/8)<\/div>\n<\/li>\n<li><span class=\"arrow\">\u25b8<\/span> <a href=\"https:\/\/www.youtube.com\/watch?v=s5tFcOsCwus\"><span class=\"title\">Den Sista Pastoralsymfonin (The Last Pastoral Symphony) for Chamber Orchestra<\/span><\/a>\n<div class=\"sub-info\">Year: November 2023 |\u00a0 Duration: 26'50 min. | Instrumentation: 2222 \/ 22 \/ 12 \/ Strings (12\/10\/8\/6\/4)<\/div>\n<\/li>\n<li><span class=\"arrow\">\u25b8<\/span> <span class=\"title\">Dance Overture \u201cLen\u201d for Orchestra<\/span>\n<div class=\"sub-info\">Year: September 2023 | Duration: 7'46 min. | Instrumentation: 2222 \/ 22 \/ 11 + \u014ctsuzumi \/ Shakuhachi, Shamisen \/ Strings (12\/10\/8\/6\/4)<\/div>\n<\/li>\n<li><span class=\"arrow\">\u25b8<\/span> <span class=\"title\">Legend: Year-long Odyssey for solo Organ and Large Chamber Orchestra<\/span>\n<div class=\"sub-info\">Year: November 2022 | 2 movements | Duration: 32'00 min. | Instrumentation: 2222 \/ 22 \/ 12 \/ <span class=\"title\">Organ \/<\/span> Strings (12\/10\/8\/6\/4)<\/div>\n<\/li>\n<li><span class=\"arrow\">\u25b8<\/span> <span class=\"title\">P\u00edsn\u011b Kosmick\u00e9 (Cosmic Songs) for Symphonic Orchestra \u2013 38 poems by Jan Neruda<\/span>\n<div class=\"sub-info\">Year: In progress | Duration: ca. 70'00 min. | Instrumentation: 3333 \/ 4331 \/ 13 \/ Harp, Celesta, Piano \/ 4 solo Voices \/ Choir \/ Strings (16\/14\/12\/10\/8)<\/div>\n<\/li>\n<li><span class=\"arrow\">\u25b8<\/span> <span class=\"title\">Fata Morgana for Large Chamber Orchestra<\/span>\n<div class=\"sub-info\">Year: November 2018 | Duration: 21'50 min. | Instrumentation: 5222 \/ 32 \/ 11 \/ Strings (12\/10\/8\/6\/4)<\/div>\n<\/li>\n<li><span class=\"arrow\">\u25b8<\/span> <span class=\"title\">The Destructors for Large Chamber Orchestra<\/span>\n<div class=\"sub-info\">Year: April 2018 | Duration: 7'24 min. | Instrumentation: 2222 \/ 22 \/ 11 \/ Strings (12\/10\/8\/6\/4)<\/div>\n<\/li>\n<li><span class=\"arrow\">\u25b8<\/span> <span class=\"title\">The Zodiac for Symphonic Orchestra<\/span>\n<div class=\"sub-info\">Year: In progress | Duration: ca. 50'00 min. | Instrumentation: 3333 \/ 4331 \/ 13 \/ Harp + Celesta \/ Strings (16\/14\/12\/10\/8)<\/div>\n<\/li>\n<li><span class=\"arrow\">\u25b8<\/span> <span class=\"title\">Fantasy for four-handed Piano and Chamber Orchestra<\/span>\n<div class=\"sub-info\">Year: September 2014 | 2 movements | Duration: 22'43 min. | Instrumentation: 2222 \/ 22 \/ 1 \/ Piano \/ \u00a0Strings (8\/6\/4\/3\/2)<\/div>\n<\/li>\n<li><span class=\"arrow\">\u25b8<\/span> <span class=\"title\">Overture Aries for Chamber Orchestra<\/span>\n<div class=\"sub-info\">Year: June 2014 | Duration: 9'56 min. | Instrumentation: 2222 \/ 22 \/ 1 \/ Strings (8\/6\/4\/3\/2)<\/div>\n<\/li>\n<li><span class=\"arrow\">\u25b8<\/span> <span class=\"title\">Symphony No. 1 for Chamber Orchestra<\/span>\n<div class=\"sub-info\">Year: August 2011 | 4 movement | Duration: 25'35 min. | Instrumentation: 2222 \/ 221 \/ 1 \/ Strings (8\/6\/4\/3\/2)<\/div>\n<\/li>\n<li><span class=\"arrow\">\u25b8<\/span> <span class=\"title\">Furiant for Small Chamber Orchestra<\/span>\n<div class=\"sub-info\">Year: February 2011 | Duration: 3'28 min. | Instrumentation: 2 flutes, 2 oboes \/ Strings (6\/4\/4\/2\/1)<\/div>\n<\/li>\n<\/ul>\n<h5>Small Chamber Music<\/h5>\n<ul class=\"composition-list\">\n<li><span class=\"arrow\">\u25b8<\/span> <span class=\"title\">Olio for Guitar and String Quartet<\/span>\n<div class=\"sub-info\">Year: April 2024 | Duration: 9'54 min. | Instrumentation: guitar, 2 violins, viola, <span class=\"title\">violoncello<\/span><\/div>\n<\/li>\n<li><span class=\"arrow\">\u25b8<\/span> <span class=\"title\">Saxophone Quartet<\/span>\n<div class=\"sub-info\">Year: April 2019 | 1 movement | Duration: 6'58 min. | Instrumentation: 4 saxophones - 2 alto, tenor, baritone<\/div>\n<\/li>\n<li><span class=\"arrow\">\u25b8<\/span> <span class=\"title\">String Quartet No. 2 \u201cIl fuoco e l\u2019ombra\u201d<\/span>\n<div class=\"sub-info\">Year: September 2018 | 1 movement | Duration: 18'30 min. | Instrumentation: 2 violins, viola, <span class=\"title\">violoncello<\/span><\/div>\n<\/li>\n<li><a href=\"https:\/\/www.youtube.com\/watch?v=K4DMsPNKW3s\"><span class=\"arrow\">\u25b8<\/span> <span class=\"title\">DeComposition<\/span><\/a>\n<div class=\"sub-info\">Year: November 2017 | Duration: 9'20 min. | Instrumentation: t<span class=\"title\">rumpet, tuba, percussion, piano<\/span><\/div>\n<\/li>\n<li><span class=\"arrow\">\u25b8<\/span> <span class=\"title\">Hardanger\u2019s Violin\u00a0<\/span>\n<div class=\"sub-info\">Year: July 2017 | Duration: 15'46 min. | Instrumentation: p<span class=\"title\">iano, violoncello, spoken word (Czech language)<\/span><\/div>\n<\/li>\n<li><span class=\"arrow\">\u25b8<\/span> <span class=\"title\">Piano Trio<\/span>\n<div class=\"sub-info\">Year: July 2015 | 1 movement | Duration: 14'05 min. | Instrumentation: piano, violin, <span class=\"title\">violoncello<\/span><\/div>\n<\/li>\n<li><span class=\"arrow\">\u25b8<\/span> <span class=\"title\">5 Etudes for four-handed Piano<\/span>\n<div class=\"sub-info\">Year: April 2015 | Duration: 15'42 min. | Instrumentation: <span class=\"title\">piano<\/span><\/div>\n<\/li>\n<li><span class=\"arrow\">\u25b8<\/span> <span class=\"title\">Drobnosti No. 2\u00a0<\/span>\n<div class=\"sub-info\">Year: November 2013 | 2 movements | Duration: 7'40 min. | Instrumentation: <span class=\"title\">2 violins, viola<\/span><\/div>\n<\/li>\n<li><span class=\"arrow\">\u25b8<\/span> <span class=\"title\">Piano Quintet<\/span>\n<div class=\"sub-info\">Year: April 2013 | 1 movement | Duration: 15'40 min. | Instrumentation: piano, 2 violins, <span class=\"title\">viola,<\/span> <span class=\"title\">violoncello<\/span><\/div>\n<\/li>\n<li><span class=\"arrow\">\u25b8<\/span> <span class=\"title\">Drobnosti No. 1\u00a0<\/span>\n<div class=\"sub-info\">Year: November 2012 | 4 movements | Duration: 10'30 min. | Instrumentation: f<span class=\"title\">lute, violin, piano<\/span><\/div>\n<\/li>\n<li><span class=\"arrow\">\u25b8<\/span> <span class=\"title\">Sonatina for Clarinet and Piano<\/span>\n<div class=\"sub-info\">Year: April 2012 | 3 movements | Duration: 12'21 min. | Instrumentation: clarinet,<span class=\"title\">\u00a0piano<\/span><\/div>\n<\/li>\n<li><span class=\"arrow\">\u25b8<\/span> <span class=\"title\">Song cycle \u201cFor Friends\u201d<\/span>\n<div class=\"sub-info\">Year: October 2011 | 3 movements | Duration: 7'10 min. | Text: <span class=\"title\">Alexander Pushkin<\/span> | Instrumentation: <span class=\"title\">piano, bass voice<\/span><\/div>\n<\/li>\n<li><span class=\"arrow\">\u25b8<\/span> <span class=\"title\">Cello Sonata<\/span>\n<div class=\"sub-info\">Year: January 2011 | 3 movements | Duration: 19'40 min. | Instrumentation: <span class=\"title\">violoncello,<\/span><span class=\"title\">\u00a0piano<\/span><\/div>\n<\/li>\n<li><span class=\"arrow\">\u25b8<\/span> <span class=\"title\">String Quartet No. 1<\/span>\n<div class=\"sub-info\">Year: June 2010 | 4 movements | Duration: 18'20 min. | Instrumentation: 2 violins, viola, <span class=\"title\">violoncello<\/span><\/div>\n<\/li>\n<li><span class=\"arrow\">\u25b8<\/span> <span class=\"title\">Fantasy for Four Flutes<\/span>\n<div class=\"sub-info\">Year: December 2008 | Duration: 5'33 min. | Instrumentation: 4 flutes<\/div>\n<\/li>\n<li><span class=\"arrow\">\u25b8<\/span> <span class=\"title\">Suite for Flute, Bassoon, and Piano<\/span>\n<div class=\"sub-info\">Year: September 2008 | 5 movements | Duration: 12'20 min. | Instrumentation: f<span class=\"title\">lute, bassoon, piano<\/span><\/div>\n<\/li>\n<\/ul>\n<h5>Large Chamber Music<\/h5>\n<ul class=\"composition-list\">\n<li><span class=\"arrow\">\u25b8<\/span> <span class=\"title\">Violin Concerto in A minor \u201cR\u016f\u017ee\u201d (Rose)<\/span>\n<div class=\"sub-info\">Year: May 2023 | 3 movements | Duration: 12'19 min. | Instrumentation: violin<span class=\"title\">, harpsichord, baroque string ensemble<\/span><\/div>\n<\/li>\n<li><span class=\"arrow\">\u25b8<\/span> <span class=\"title\"><a href=\"https:\/\/www.youtube.com\/watch?v=Qssxv7cdqQ4\" target=\"_blank\" rel=\"noopener\">Sextet for Chamber Ensemble<\/a><\/span>\n<div class=\"sub-info\">Year: August 2022 | 1 movement | Duration: 8'46 min. | Instrumentation: f<span class=\"title\">lute, bass clarinet, bassoon, trombone, vibraphone, violoncello<\/span><\/div>\n<\/li>\n<li><span class=\"arrow\">\u25b8<\/span> <span class=\"title\">Fantasy \u201cTinku Wayra\u201d for seven flutes<\/span>\n<div class=\"sub-info\">Year: March 2022 | Duration: 7'40 min. | Instrumentation: 1 player (quena, native american flute, pan flute), 2 flutes, 2 alto flutes, 2 bass flutes<\/div>\n<\/li>\n<li><span class=\"arrow\">\u25b8<\/span> <span class=\"title\">Concerto for Chamber Ensemble<\/span>\n<div class=\"sub-info\">Year: July 2021 | 3 movements | Duration: 16'15 min. | Instrumentation: bass clarinet, contrabassoon, bass trombone, 2 percussion, harp, violoncello, contrabass<\/div>\n<\/li>\n<li><span class=\"arrow\">\u25b8<\/span> <span class=\"title\"><a href=\"https:\/\/www.youtube.com\/watch?v=FBjtFkV56OY\" target=\"_blank\" rel=\"noopener\">Infinitesimal for Large Chamber Ensemble<\/a><\/span>\n<div class=\"sub-info\">Year: November 2019 | Duration: 14'30 min. | Instrumentation: bass clarinet, bassoon, trumpet, bass trombone, 2 horns, 2 percussion, vibraphone, erhu, violoncello, contrabass<\/div>\n<\/li>\n<\/ul>\n<h5>Solo Music<\/h5>\n<ul class=\"composition-list\">\n<li><span class=\"arrow\">\u25b8<\/span> <span class=\"title\">Pendant for solo Carillon<\/span>\n<div class=\"sub-info\">Year: October 2022 | Duration: 3'00 min. | Instrumentation: c<span class=\"title\">arillon<\/span><\/div>\n<\/li>\n<li><span class=\"arrow\">\u25b8<\/span> <span class=\"title\">Legend no. 2 for solo Organ<\/span>\n<div class=\"sub-info\">Year: November 2021 | Duration: 7'51 min. | Instrumentation: o<span class=\"title\">rgan<\/span><\/div>\n<\/li>\n<li><span class=\"arrow\">\u25b8<\/span> <span class=\"title\">Legend no. 1 for solo Organ<\/span>\n<div class=\"sub-info\">Year: April 2021 | Duration: 8'31 min. | Instrumentation: o<span class=\"title\">rgan<\/span><\/div>\n<\/li>\n<li><span class=\"arrow\">\u25b8<\/span> <span class=\"title\">Ozvena (Echo) for Solo Flute<\/span>\n<div class=\"sub-info\">Year: March 2020 | Duration: 8'51 min. | Instrumentation: flute<\/div>\n<\/li>\n<li><span class=\"arrow\">\u25b8<\/span> <span class=\"title\">Suite for solo Flute<\/span>\n<div class=\"sub-info\">Year: November 2009 | 3 movements | Duration: 5'49 min. | Instrumentation: flute<\/div>\n<\/li>\n<\/ul>\n<h5>Solo Piano Music<\/h5>\n<ul class=\"composition-list\">\n<li><span class=\"arrow\">\u25b8<\/span> <span class=\"title\">Variations on a Theme of Paganini for solo Piano<\/span>\n<div class=\"sub-info\">Year: October 2020\u00a0 | 10 variations | Duration: 21'00 min. | Instrumentation: piano<\/div>\n<\/li>\n<li><span class=\"arrow\">\u25b8<\/span> <span class=\"title\">7 Etudes - set no. 3 - for solo Piano<\/span>\n<div class=\"sub-info\">Year: September 2020\u00a0 | Duration: 18'00 min. | Instrumentation: piano<\/div>\n<\/li>\n<li><span class=\"arrow\">\u25b8<\/span> <span class=\"title\">5 Etudes - set no. 2 - for solo Piano<\/span>\n<div class=\"sub-info\">Year: November 2016\u00a0 | Duration: 12'00 min. | Instrumentation: piano<\/div>\n<\/li>\n<li><span class=\"arrow\">\u25b8<\/span> <span class=\"title\">3 Etudes - set no. 1 - for solo Piano<\/span>\n<div class=\"sub-info\">Year: April 2015\u00a0 | Duration: 9'30 min. | Instrumentation: piano<\/div>\n<\/li>\n<li><span class=\"arrow\">\u25b8<\/span> <span class=\"title\">Minuet for Piano<\/span>\n<div class=\"sub-info\">Year: January 2009 | Duration: 3'00 min. | Instrumentation: piano<\/div>\n<\/li>\n<\/ul>\n<h5>Choral Music<\/h5>\n<ul class=\"composition-list\">\n<li><span class=\"arrow\">\u25b8<\/span> <span class=\"title\">Montium Custos for Choir and Saxophone Quartet<\/span>\n<div class=\"sub-info\">Year: December 2024 | Duration: 5'20 min. | Text: Quintus Horatius Flaccus | Instrumentation: SATB, 4 saxophones - soprano, alto, tenor, baritone<\/div>\n<\/li>\n<li><span class=\"arrow\">\u25b8<\/span> <span class=\"title\">Carpe Diem for Choir<\/span>\n<div class=\"sub-info\">Year: May 2024 | Duration: 6'00 min. | Text: Quintus Horatius Flaccus | Instrumentation: SSSAAATTBB<\/div>\n<\/li>\n<li><span class=\"arrow\">\u25b8<\/span> <span class=\"title\">Psalm 13 \u2013 Usquequo, Domine for Choir<\/span>\n<div class=\"sub-info\">Year: February | Duration: 3'10 min. | Text: from Psalms of David | Instrumentation: SATB<\/div>\n<\/li>\n<li><span class=\"arrow\">\u25b8<\/span> <span class=\"title\">Pater Noster for Choir<\/span>\n<div class=\"sub-info\">Year: April 2023 | Duration: 6'20 min. | Text: from Roman Missal Mathew 6:9 - 13 | Instrumentation: SSAATTBB<\/div>\n<\/li>\n<li><span class=\"arrow\">\u25b8<\/span> <span class=\"title\">Persicos Odi for Choir<\/span>\n<div class=\"sub-info\">Year: February 2023 | Duration: 3'20 min. | Text: Quintus Horatius Flaccus | Instrumentation: SATB<\/div>\n<\/li>\n<li><span class=\"arrow\">\u25b8<\/span> <span class=\"title\"><a href=\"https:\/\/www.youtube.com\/watch?v=_BgxwyhlvI0\" target=\"_blank\" rel=\"noopener\">Anima Christi for Choir<\/a><\/span>\n<div class=\"sub-info\">Year: May 2022 | Duration: 11'00 min. | Text: from Roman Missal | Instrumentation: SATB<\/div>\n<\/li>\n<li><span class=\"arrow\">\u25b8<\/span> <span class=\"title\">First Book of Motets<\/span>\n<div class=\"sub-info\">Year: In progress | 10 movements | Duration: ca. 50'00 min. | Text: Katarina Dedicova | Instrumentation: SATB<\/div>\n<\/li>\n<li><span class=\"arrow\">\u25b8<\/span> <span class=\"title\">Motet no. 4 \u2013 Nuestra Ma\u00f1ana for Choir<\/span>\n<div class=\"sub-info\">Year: August 2021 | Duration: 5'50 min. | Text: Katarina Dedicova | Instrumentation: SATB<\/div>\n<\/li>\n<li><span class=\"arrow\">\u25b8<\/span> <span class=\"title\">Motet no. 3 \u2013 Pearls for Choir<\/span>\n<div class=\"sub-info\">Year: March 2021 | Duration: 3'50 min. | Text: Katarina Dedicova | Instrumentation: SATB<\/div>\n<\/li>\n<li><span class=\"arrow\">\u25b8<\/span> <span class=\"title\">Motet no. 2 \u2013 Pearls for Choir &amp; Piano<\/span>\n<div class=\"sub-info\">Year: March 2021 | Duration: 6'00 min. | Text: Katarina Dedicova | Instrumentation: SATB, piano<\/div>\n<\/li>\n<li><span class=\"arrow\">\u25b8<\/span> <span class=\"title\">Motet no. 1 - The Voice of History for Choir<\/span>\n<div class=\"sub-info\">Year: December 2017 | Duration: 5'00 min. | Text: Katarina Dedicova | Instrumentation: SATB<\/div>\n<\/li>\n<\/ul>\n<\/div>\n<\/div><\/div><\/div><\/div><\/div><\/div>","protected":false},"excerpt":{"rendered":"<p>Orchestral Music \u25b8 Piano Concerto for solo Piano and Chamber Orchestra Year: November 2025 | 1 movement | Duration: 18&#8217;30 min. | Instrumentation: \u00a02222 \/ 22 \/ 11 \/ Piano \/ Strings (12\/10\/8\/6\/4) \u25b8 Kr\u00e1\u013e \u010casu (Time King) for Symphonic Orchestra Year: August 2024 | Duration: 19&#8217;40 min. | Instrumentation: 3333 \/ 4331 \/ 12<\/p>\n<div class=\"more-link\">\n\t\t\t\t <a href=\"https:\/\/adamhajossydedic.com\/?page_id=495\" class=\"link-btn theme-btn\"><span>Read More <\/span> <i class=\"fa fa-caret-right\"><\/i><\/a>\n\t\t\t<\/div>\n","protected":false},"author":1,"featured_media":0,"parent":0,"menu_order":0,"comment_status":"closed","ping_status":"closed","template":"","meta":{"_monsterinsights_skip_tracking":false,"_monsterinsights_sitenote_active":false,"_monsterinsights_sitenote_note":"","_monsterinsights_sitenote_category":0,"_uf_show_specific_survey":0,"_uf_disable_surveys":false,"footnotes":""},"class_list":["post-495","page","type-page","status-publish","hentry"],"aioseo_notices":[],"_links":{"self":[{"href":"https:\/\/adamhajossydedic.com\/index.php?rest_route=\/wp\/v2\/pages\/495","targetHints":{"allow":["GET"]}}],"collection":[{"href":"https:\/\/adamhajossydedic.com\/index.php?rest_route=\/wp\/v2\/pages"}],"about":[{"href":"https:\/\/adamhajossydedic.com\/index.php?rest_route=\/wp\/v2\/types\/page"}],"author":[{"embeddable":true,"href":"https:\/\/adamhajossydedic.com\/index.php?rest_route=\/wp\/v2\/users\/1"}],"replies":[{"embeddable":true,"href":"https:\/\/adamhajossydedic.com\/index.php?rest_route=%2Fwp%2Fv2%2Fcomments&post=495"}],"version-history":[{"count":3,"href":"https:\/\/adamhajossydedic.com\/index.php?rest_route=\/wp\/v2\/pages\/495\/revisions"}],"predecessor-version":[{"id":498,"href":"https:\/\/adamhajossydedic.com\/index.php?rest_route=\/wp\/v2\/pages\/495\/revisions\/498"}],"wp:attachment":[{"href":"https:\/\/adamhajossydedic.com\/index.php?rest_route=%2Fwp%2Fv2%2Fmedia&parent=495"}],"curies":[{"name":"wp","href":"https:\/\/api.w.org\/{rel}","templated":true}]}}